{"id":840,"date":"2025-02-13T11:09:56","date_gmt":"2025-02-13T05:09:56","guid":{"rendered":"https:\/\/wp.dreamitworld.com\/velotow\/?page_id=840"},"modified":"2026-01-17T20:29:02","modified_gmt":"2026-01-17T20:29:02","slug":"renault-twingo-3","status":"publish","type":"page","link":"https:\/\/yanalocation35.com\/en\/renault-twingo-3\/","title":{"rendered":"Renault Twingo 3"},"content":{"rendered":"<div data-elementor-type=\"wp-page\" data-elementor-id=\"840\" class=\"elementor elementor-840\" data-elementor-post-type=\"page\">\n\t\t\t\t\t\t<section class=\"elementor-section elementor-top-section elementor-element elementor-element-225b7f1 elementor-section-boxed elementor-section-height-default elementor-section-height-default\" data-id=\"225b7f1\" data-element_type=\"section\" data-settings=\"{&quot;background_background&quot;:&quot;classic&quot;}\">\n\t\t\t\t\t\t<div class=\"elementor-container elementor-column-gap-default\">\n\t\t\t\t\t<div class=\"elementor-column elementor-col-100 elementor-top-column elementor-element elementor-element-5968b60\" data-id=\"5968b60\" data-element_type=\"column\">\n\t\t\t<div class=\"elementor-widget-wrap elementor-element-populated\">\n\t\t\t\t\t\t<section class=\"elementor-section elementor-inner-section elementor-element elementor-element-245589a elementor-reverse-mobile elementor-section-boxed elementor-section-height-default elementor-section-height-default\" data-id=\"245589a\" data-element_type=\"section\">\n\t\t\t\t\t\t<div class=\"elementor-container elementor-column-gap-default\">\n\t\t\t\t\t<div class=\"elementor-column elementor-col-50 elementor-inner-column elementor-element elementor-element-41d6231\" data-id=\"41d6231\" data-element_type=\"column\">\n\t\t\t<div class=\"elementor-widget-wrap elementor-element-populated\">\n\t\t\t\t\t\t<section class=\"elementor-section elementor-inner-section elementor-element elementor-element-0b27781 service-dt-left-two elementor-section-boxed elementor-section-height-default elementor-section-height-default\" data-id=\"0b27781\" data-element_type=\"section\" data-settings=\"{&quot;background_background&quot;:&quot;classic&quot;}\">\n\t\t\t\t\t\t<div class=\"elementor-container elementor-column-gap-default\">\n\t\t\t\t\t<div class=\"elementor-column elementor-col-100 elementor-inner-column elementor-element elementor-element-6333444\" data-id=\"6333444\" data-element_type=\"column\">\n\t\t\t<div class=\"elementor-widget-wrap elementor-element-populated\">\n\t\t\t\t\n\n\t\t<div class=\"elementor-element elementor-element-69cea00 elementor-widget elementor-widget-simple-heading\" data-id=\"69cea00\" data-element_type=\"widget\" data-widget_type=\"simple-heading.default\">\n\t\t\t\t<div class=\"elementor-widget-container\">\n\t\t\t\t\t        \t\t<div class=\"heading style1\">\r\n\t\t\t<h3 class=\"heading-text\">Caract\u00e9ristiques<\/h3>\r\n\t\t<\/div>\r\n\r\n\t\t\t\t\t\t<\/div>\n\t\t\t\t<\/div>\n\t\t<div class=\"elementor-element elementor-element-6f91678 e-flex e-con-boxed e-con e-parent\" data-id=\"6f91678\" data-element_type=\"container\">\n\t\t\t\t\t<div class=\"e-con-inner\">\n\t\t<div class=\"elementor-element elementor-element-40e78bb e-con-full e-flex e-con e-child\" data-id=\"40e78bb\" data-element_type=\"container\" data-settings=\"{&quot;background_background&quot;:&quot;classic&quot;}\">\n\t\t<div class=\"elementor-element elementor-element-5b44e3d e-con-full e-flex e-con e-child\" data-id=\"5b44e3d\" data-element_type=\"container\">\n\t\t\t\t<div class=\"elementor-element elementor-element-24ce0a3 elementor-widget elementor-widget-image\" data-id=\"24ce0a3\" data-element_type=\"widget\" data-widget_type=\"image.default\">\n\t\t\t\t\t\t\t\t\t\t\t\t\t\t\t<img fetchpriority=\"high\" decoding=\"async\" width=\"256\" height=\"256\" src=\"https:\/\/yanalocation35.com\/wp-content\/uploads\/2025\/12\/siege-de-voiture-1.png\" class=\"attachment-large size-large wp-image-1497\" alt=\"\" srcset=\"https:\/\/yanalocation35.com\/wp-content\/uploads\/2025\/12\/siege-de-voiture-1.png 256w, https:\/\/yanalocation35.com\/wp-content\/uploads\/2025\/12\/siege-de-voiture-1-150x150.png 150w, https:\/\/yanalocation35.com\/wp-content\/uploads\/2025\/12\/siege-de-voiture-1-106x106.png 106w, https:\/\/yanalocation35.com\/wp-content\/uploads\/2025\/12\/siege-de-voiture-1-80x80.png 80w\" sizes=\"(max-width: 256px) 100vw, 256px\" \/>\t\t\t\t\t\t\t\t\t\t\t\t\t\t\t<\/div>\n\t\t\t\t<\/div>\n\t\t<div class=\"elementor-element elementor-element-c07bf97 e-con-full e-flex e-con e-child\" data-id=\"c07bf97\" data-element_type=\"container\">\n\t\t\t\t<div class=\"elementor-element elementor-element-daa52f7 elementor-widget elementor-widget-heading\" data-id=\"daa52f7\" data-element_type=\"widget\" data-widget_type=\"heading.default\">\n\t\t\t\t\t<h2 class=\"elementor-heading-title elementor-size-default\">4 places<\/h2>\t\t\t\t<\/div>\n\t\t\t\t<\/div>\n\t\t\t\t<\/div>\n\t\t<div class=\"elementor-element elementor-element-736b895 e-con-full e-flex e-con e-child\" data-id=\"736b895\" data-element_type=\"container\" data-settings=\"{&quot;background_background&quot;:&quot;classic&quot;}\">\n\t\t<div class=\"elementor-element elementor-element-64be9cd e-con-full e-flex e-con e-child\" data-id=\"64be9cd\" data-element_type=\"container\">\n\t\t\t\t<div class=\"elementor-element elementor-element-effc07e elementor-widget elementor-widget-image\" data-id=\"effc07e\" data-element_type=\"widget\" data-widget_type=\"image.default\">\n\t\t\t\t\t\t\t\t\t\t\t\t\t\t\t<img decoding=\"async\" width=\"256\" height=\"256\" src=\"https:\/\/yanalocation35.com\/wp-content\/uploads\/2025\/12\/eclair-1.png\" class=\"attachment-large size-large wp-image-1499\" alt=\"\" srcset=\"https:\/\/yanalocation35.com\/wp-content\/uploads\/2025\/12\/eclair-1.png 256w, https:\/\/yanalocation35.com\/wp-content\/uploads\/2025\/12\/eclair-1-150x150.png 150w, https:\/\/yanalocation35.com\/wp-content\/uploads\/2025\/12\/eclair-1-106x106.png 106w, https:\/\/yanalocation35.com\/wp-content\/uploads\/2025\/12\/eclair-1-80x80.png 80w\" sizes=\"(max-width: 256px) 100vw, 256px\" \/>\t\t\t\t\t\t\t\t\t\t\t\t\t\t\t<\/div>\n\t\t\t\t<\/div>\n\t\t<div class=\"elementor-element elementor-element-91cabe3 e-con-full e-flex e-con e-child\" data-id=\"91cabe3\" data-element_type=\"container\">\n\t\t\t\t<div class=\"elementor-element elementor-element-10978ad elementor-widget elementor-widget-heading\" data-id=\"10978ad\" data-element_type=\"widget\" data-widget_type=\"heading.default\">\n\t\t\t\t\t<h2 class=\"elementor-heading-title elementor-size-default\">70 CV<\/h2>\t\t\t\t<\/div>\n\t\t\t\t<\/div>\n\t\t\t\t<\/div>\n\t\t<div class=\"elementor-element elementor-element-937a4d0 e-con-full e-flex e-con e-child\" data-id=\"937a4d0\" data-element_type=\"container\" data-settings=\"{&quot;background_background&quot;:&quot;classic&quot;}\">\n\t\t<div class=\"elementor-element elementor-element-08afcd3 e-con-full e-flex e-con e-child\" data-id=\"08afcd3\" data-element_type=\"container\">\n\t\t\t\t<div class=\"elementor-element elementor-element-ac06046 elementor-widget elementor-widget-image\" data-id=\"ac06046\" data-element_type=\"widget\" data-widget_type=\"image.default\">\n\t\t\t\t\t\t\t\t\t\t\t\t\t\t\t<img decoding=\"async\" width=\"256\" height=\"256\" src=\"https:\/\/yanalocation35.com\/wp-content\/uploads\/2025\/12\/boite-de-vitesses.png\" class=\"attachment-large size-large wp-image-1495\" alt=\"\" srcset=\"https:\/\/yanalocation35.com\/wp-content\/uploads\/2025\/12\/boite-de-vitesses.png 256w, https:\/\/yanalocation35.com\/wp-content\/uploads\/2025\/12\/boite-de-vitesses-150x150.png 150w, https:\/\/yanalocation35.com\/wp-content\/uploads\/2025\/12\/boite-de-vitesses-106x106.png 106w, https:\/\/yanalocation35.com\/wp-content\/uploads\/2025\/12\/boite-de-vitesses-80x80.png 80w\" sizes=\"(max-width: 256px) 100vw, 256px\" \/>\t\t\t\t\t\t\t\t\t\t\t\t\t\t\t<\/div>\n\t\t\t\t<\/div>\n\t\t<div class=\"elementor-element elementor-element-07b7ab4 e-con-full e-flex e-con e-child\" data-id=\"07b7ab4\" data-element_type=\"container\">\n\t\t\t\t<div class=\"elementor-element elementor-element-9ea74a6 elementor-widget elementor-widget-heading\" data-id=\"9ea74a6\" data-element_type=\"widget\" data-widget_type=\"heading.default\">\n\t\t\t\t\t<h2 class=\"elementor-heading-title elementor-size-default\">Bo\u00eete manuelle<\/h2>\t\t\t\t<\/div>\n\t\t\t\t<\/div>\n\t\t\t\t<\/div>\n\t\t<div class=\"elementor-element elementor-element-e4b2010 e-con-full e-flex e-con e-child\" data-id=\"e4b2010\" data-element_type=\"container\" data-settings=\"{&quot;background_background&quot;:&quot;classic&quot;}\">\n\t\t<div class=\"elementor-element elementor-element-81bdf73 e-con-full e-flex e-con e-child\" data-id=\"81bdf73\" data-element_type=\"container\">\n\t\t\t\t<div class=\"elementor-element elementor-element-46a31c4 elementor-widget elementor-widget-image\" data-id=\"46a31c4\" data-element_type=\"widget\" data-widget_type=\"image.default\">\n\t\t\t\t\t\t\t\t\t\t\t\t\t\t\t<img loading=\"lazy\" decoding=\"async\" width=\"256\" height=\"256\" src=\"https:\/\/yanalocation35.com\/wp-content\/uploads\/2025\/12\/station-essence-1.png\" class=\"attachment-large size-large wp-image-1498\" alt=\"\" srcset=\"https:\/\/yanalocation35.com\/wp-content\/uploads\/2025\/12\/station-essence-1.png 256w, https:\/\/yanalocation35.com\/wp-content\/uploads\/2025\/12\/station-essence-1-150x150.png 150w, https:\/\/yanalocation35.com\/wp-content\/uploads\/2025\/12\/station-essence-1-106x106.png 106w, https:\/\/yanalocation35.com\/wp-content\/uploads\/2025\/12\/station-essence-1-80x80.png 80w\" sizes=\"(max-width: 256px) 100vw, 256px\" \/>\t\t\t\t\t\t\t\t\t\t\t\t\t\t\t<\/div>\n\t\t\t\t<\/div>\n\t\t<div class=\"elementor-element elementor-element-268f57c e-con-full e-flex e-con e-child\" data-id=\"268f57c\" data-element_type=\"container\">\n\t\t\t\t<div class=\"elementor-element elementor-element-575f706 elementor-widget elementor-widget-heading\" data-id=\"575f706\" data-element_type=\"widget\" data-widget_type=\"heading.default\">\n\t\t\t\t\t<h2 class=\"elementor-heading-title elementor-size-default\">Essence<\/h2>\t\t\t\t<\/div>\n\t\t\t\t<\/div>\n\t\t\t\t<\/div>\n\t\t\t\t\t<\/div>\n\t\t\t\t<\/div>\n\t\t\t\t\t<\/div>\n\t\t<\/div>\n\t\t\t\t\t<\/div>\n\t\t<\/section>\n\t\t\t\t<section class=\"elementor-section elementor-inner-section elementor-element elementor-element-75adec5 service-dt-left-two elementor-section-boxed elementor-section-height-default elementor-section-height-default\" data-id=\"75adec5\" data-element_type=\"section\" data-settings=\"{&quot;background_background&quot;:&quot;classic&quot;}\">\n\t\t\t\t\t\t<div class=\"elementor-container elementor-column-gap-default\">\n\t\t\t\t\t<div class=\"elementor-column elementor-col-100 elementor-inner-column elementor-element elementor-element-39801b5\" data-id=\"39801b5\" data-element_type=\"column\">\n\t\t\t<div class=\"elementor-widget-wrap elementor-element-populated\">\n\t\t\t\t\t\t<div class=\"elementor-element elementor-element-b461e61 elementor-widget elementor-widget-iconbox\" data-id=\"b461e61\" data-element_type=\"widget\" data-widget_type=\"iconbox.default\">\n\t\t\t\t<div class=\"elementor-widget-container\">\n\t\t\t\t\t\n\t\t\t\t\n\t\t<div class=\"icon-box style5\">\n\t\t\t<div class=\"icon-box-inner\">\n\t\t\t\t<div class=\"icon-box-icon\">\n\t\t\t\t\t\t\t\t\t\t<div class=\"icon\">\n\t\t\t\t\t\t<i class=\"flaticon flaticon-call-answer\"><\/i>\n\t\t\t\t\t<\/div>\n\t\t\t\t\t\t\t\t\t<\/div>\n\t\t\t\t<div class=\"icon-box-content\">\n\t\t\t\t\t<div class=\"title\">\n\t\t\t\t\t\t<h3>Appel gratuit<\/h3>\n\t\t\t\t\t\t<h2> 07 58 58 90 91<\/h2>\n\t\t\t\t\t<\/div>\n\t\t\t\t\t<div class=\"description\">\n\t\t\t\t\t\t<p><i class=\"flaticon flaticon-mail\"><\/i>contact@yanalocation35.com<\/p>\n\t\t\t\t\t<\/div>\n\t\t\t\t<\/div>\n\t\t\t<\/div>\n\t\t<\/div>\n\t\t\n\t\t\t\t\t\t<\/div>\n\t\t\t\t<\/div>\n\t\t\t\t<div class=\"elementor-element elementor-element-1540729 elementor-widget elementor-widget-dit-button\" data-id=\"1540729\" data-element_type=\"widget\" data-widget_type=\"dit-button.default\">\n\t\t\t\t<div class=\"elementor-widget-container\">\n\t\t\t\t\t\r\n\t\t\t\t\r\n\t\t\t\t<div class=\"dreamit-button style8\">\r\n\t\t\t\t    <div class=\"btn_button\">\r\n\t\t\t\t\t\t<a  class=\"button\" href=\"#\">\r\n\t\t\t\t\tR\u00e9server\t\t\t\t\t\t\t<i class=\"flaticon flaticon-right-arrow\"><\/i>\t\t\t\t\t\t\r\n\t\t\t\t\t\t<\/a>\r\n\t\t\t\t\t<\/div>\r\n\t\t\t\t<\/div>\r\n\r\n\t\t\r\n\t\t\t\t\t<\/div>\n\t\t\t\t<\/div>\n\t\t\t\t\t<\/div>\n\t\t<\/div>\n\t\t\t\t\t<\/div>\n\t\t<\/section>\n\t\t\t\t\t<\/div>\n\t\t<\/div>\n\t\t\t\t<div class=\"elementor-column elementor-col-50 elementor-inner-column elementor-element elementor-element-1bd309e\" data-id=\"1bd309e\" data-element_type=\"column\">\n\t\t\t<div class=\"elementor-widget-wrap elementor-element-populated\">\n\t\t\t\t\t\t<section class=\"elementor-section elementor-inner-section elementor-element elementor-element-77543d2 elementor-section-boxed elementor-section-height-default elementor-section-height-default\" data-id=\"77543d2\" data-element_type=\"section\">\n\t\t\t\t\t\t<div class=\"elementor-container elementor-column-gap-default\">\n\t\t\t\t\t<div class=\"elementor-column elementor-col-100 elementor-inner-column elementor-element elementor-element-adde48f\" data-id=\"adde48f\" data-element_type=\"column\">\n\t\t\t<div class=\"elementor-widget-wrap elementor-element-populated\">\n\t\t\t\t\t\t<div class=\"elementor-element elementor-element-0bb0623 elementor-widget elementor-widget-section-title\" data-id=\"0bb0623\" data-element_type=\"widget\" data-widget_type=\"section-title.default\">\n\t\t\t\t<div class=\"elementor-widget-container\">\n\t\t\t\t\t\r\n\t\t\r\n\t\t\t<div class=\"section-title style4\">\r\n\t\t\t\t\t\t\t\t\r\n\t\t\t\t \r\n\t\t\t\t\t<h3 class=\"title\">Renault Twingo<\/h3>\r\n\t\t\t\t\t\t\t\t\r\n\t\t\t\t\t\t\t\t\r\n\t\t\t\t\t\t\t\t\r\n\t\t\t\t\t\t\t<\/div>\r\n\r\n\t\t\r\n\t\t\t\t\t\t<\/div>\n\t\t\t\t<\/div>\n\t\t\t\t\t<\/div>\n\t\t<\/div>\n\t\t\t\t\t<\/div>\n\t\t<\/section>\n\t\t\t\t<section class=\"elementor-section elementor-inner-section elementor-element elementor-element-090f455 elementor-section-boxed elementor-section-height-default elementor-section-height-default\" data-id=\"090f455\" data-element_type=\"section\">\n\t\t\t\t\t\t<div class=\"elementor-container elementor-column-gap-default\">\n\t\t\t\t\t<div class=\"elementor-column elementor-col-100 elementor-inner-column elementor-element elementor-element-6ce9d16\" data-id=\"6ce9d16\" data-element_type=\"column\">\n\t\t\t<div class=\"elementor-widget-wrap elementor-element-populated\">\n\t\t\t\t\t\t<div class=\"elementor-element elementor-element-d860fec elementor-widget elementor-widget-image\" data-id=\"d860fec\" data-element_type=\"widget\" data-widget_type=\"image.default\">\n\t\t\t\t\t\t\t\t\t\t\t\t\t\t\t<img loading=\"lazy\" decoding=\"async\" width=\"1024\" height=\"657\" src=\"https:\/\/yanalocation35.com\/wp-content\/uploads\/2025\/12\/service-twingo-1024x657.webp\" class=\"attachment-large size-large wp-image-1486\" alt=\"\" srcset=\"https:\/\/yanalocation35.com\/wp-content\/uploads\/2025\/12\/service-twingo-1024x657.webp 1024w, https:\/\/yanalocation35.com\/wp-content\/uploads\/2025\/12\/service-twingo-300x192.webp 300w, https:\/\/yanalocation35.com\/wp-content\/uploads\/2025\/12\/service-twingo-768x493.webp 768w, https:\/\/yanalocation35.com\/wp-content\/uploads\/2025\/12\/service-twingo-390x250.webp 390w, https:\/\/yanalocation35.com\/wp-content\/uploads\/2025\/12\/service-twingo.webp 1500w\" sizes=\"(max-width: 1024px) 100vw, 1024px\" \/>\t\t\t\t\t\t\t\t\t\t\t\t\t\t\t<\/div>\n\t\t\t\t\t<\/div>\n\t\t<\/div>\n\t\t\t\t\t<\/div>\n\t\t<\/section>\n\t\t\t\t<section class=\"elementor-section elementor-inner-section elementor-element elementor-element-d8bd5a6 elementor-section-boxed elementor-section-height-default elementor-section-height-default\" data-id=\"d8bd5a6\" data-element_type=\"section\">\n\t\t\t\t\t\t<div class=\"elementor-container elementor-column-gap-default\">\n\t\t\t\t\t<div class=\"elementor-column elementor-col-100 elementor-inner-column elementor-element elementor-element-0ff4cf7\" data-id=\"0ff4cf7\" data-element_type=\"column\">\n\t\t\t<div class=\"elementor-widget-wrap elementor-element-populated\">\n\t\t\t\t\t\t<div class=\"elementor-element elementor-element-21b3822 elementor-widget elementor-widget-section-title\" data-id=\"21b3822\" data-element_type=\"widget\" data-widget_type=\"section-title.default\">\n\t\t\t\t<div class=\"elementor-widget-container\">\n\t\t\t\t\t\r\n\t\t\r\n\t\t\t<div class=\"section-title style4\">\r\n\t\t\t\t\t\t\t\t\r\n\t\t\t\t \r\n\t\t\t\t\t<h3 class=\"title\">Description<\/h3>\r\n\t\t\t\t\t\t\t\t\r\n\t\t\t\t\t\t\t\t\r\n\t\t\t\t\t\t\t\t\r\n\t\t\t\t \r\n\t\t\t\t\t<p class=\"description\">Notre <strong style=\"font-weight: bold;\">Renault Twingo 3<\/strong> est une citadine dynamique et polyvalente, id\u00e9ale pour une balade dans Rennes. Avec son design compact et son agilit\u00e9, elle se faufile facilement dans les rues \u00e9troites de la ville. Son moteur \u00e9conomique et ses \u00e9quipements pratiques, comme la climatisation et un syst\u00e8me multim\u00e9dia simple, offrent confort et praticit\u00e9 pour des trajets quotidiens. Parfaite pour explorer Rennes et ses alentours, la Twingo 3 combine efficacit\u00e9 et plaisir de conduite.<\/p>\r\n\t\t\t\t\t\t\t<\/div>\r\n\r\n\t\t\r\n\t\t\t\t\t\t<\/div>\n\t\t\t\t<\/div>\n\t\t\t\t\t<\/div>\n\t\t<\/div>\n\t\t\t\t\t<\/div>\n\t\t<\/section>\n\t\t<div class=\"elementor-element elementor-element-1f8d0a7 e-flex e-con-boxed e-con e-parent\" data-id=\"1f8d0a7\" data-element_type=\"container\">\n\t\t\t\t\t<div class=\"e-con-inner\">\n\t\t<div class=\"elementor-element elementor-element-3227aca e-con-full e-flex e-con e-child\" data-id=\"3227aca\" data-element_type=\"container\" data-settings=\"{&quot;background_background&quot;:&quot;classic&quot;}\">\n\t\t\t\t<div class=\"elementor-element elementor-element-591aeef elementor-widget elementor-widget-heading\" data-id=\"591aeef\" data-element_type=\"widget\" data-widget_type=\"heading.default\">\n\t\t\t\t\t<h2 class=\"elementor-heading-title elementor-size-default\">Journ\u00e9e (24h)<\/h2>\t\t\t\t<\/div>\n\t\t\t\t<div class=\"elementor-element elementor-element-2be49d2 elementor-widget elementor-widget-heading\" data-id=\"2be49d2\" data-element_type=\"widget\" data-widget_type=\"heading.default\">\n\t\t\t\t\t<h2 class=\"elementor-heading-title elementor-size-default\">60 \u20ac<\/h2>\t\t\t\t<\/div>\n\t\t\t\t<\/div>\n\t\t<div class=\"elementor-element elementor-element-4959492 e-con-full e-flex e-con e-child\" data-id=\"4959492\" data-element_type=\"container\" data-settings=\"{&quot;background_background&quot;:&quot;classic&quot;}\">\n\t\t\t\t<div class=\"elementor-element elementor-element-edcb7f8 elementor-widget elementor-widget-heading\" data-id=\"edcb7f8\" data-element_type=\"widget\" data-widget_type=\"heading.default\">\n\t\t\t\t\t<h2 class=\"elementor-heading-title elementor-size-default\">Weekend  (Ven-Dim)<\/h2>\t\t\t\t<\/div>\n\t\t\t\t<div class=\"elementor-element elementor-element-9023be6 elementor-widget elementor-widget-heading\" data-id=\"9023be6\" data-element_type=\"widget\" data-widget_type=\"heading.default\">\n\t\t\t\t\t<h2 class=\"elementor-heading-title elementor-size-default\">170 \u20ac<\/h2>\t\t\t\t<\/div>\n\t\t\t\t<\/div>\n\t\t<div class=\"elementor-element elementor-element-d67a263 e-con-full e-flex e-con e-child\" data-id=\"d67a263\" data-element_type=\"container\" data-settings=\"{&quot;background_background&quot;:&quot;classic&quot;}\">\n\t\t\t\t<div class=\"elementor-element elementor-element-4326d19 elementor-widget elementor-widget-heading\" data-id=\"4326d19\" data-element_type=\"widget\" data-widget_type=\"heading.default\">\n\t\t\t\t\t<h2 class=\"elementor-heading-title elementor-size-default\">Semaine (7 jours)<\/h2>\t\t\t\t<\/div>\n\t\t\t\t<div class=\"elementor-element elementor-element-6e04edf elementor-widget elementor-widget-heading\" data-id=\"6e04edf\" data-element_type=\"widget\" data-widget_type=\"heading.default\">\n\t\t\t\t\t<h2 class=\"elementor-heading-title elementor-size-default\">350 \u20ac<\/h2>\t\t\t\t<\/div>\n\t\t\t\t<\/div>\n\t\t\t\t\t<\/div>\n\t\t\t\t<\/div>\n\t\t\t\t\t<\/div>\n\t\t<\/div>\n\t\t\t\t\t<\/div>\n\t\t<\/section>\n\t\t\t\t\t<\/div>\n\t\t<\/div>\n\t\t\t\t\t<\/div>\n\t\t<\/section>\n\t\t\t\t<\/div>","protected":false},"excerpt":{"rendered":"<p>Caract\u00e9ristiques 4 places 70 CV Bo\u00eete manuelle Essence Appel gratuit 07 58 58 90 91 contact@yanalocation35.com R\u00e9server Renault Twingo Description Notre Renault Twingo 3 est une citadine dynamique et polyvalente, id\u00e9ale pour une balade dans Rennes. Avec son design compact et son agilit\u00e9, elle se faufile facilement dans les rues \u00e9troites de la ville. Son [&hellip;]<\/p>","protected":false},"author":1,"featured_media":0,"parent":0,"menu_order":0,"comment_status":"closed","ping_status":"closed","template":"page-templates\/template-default.php","meta":{"footnotes":""},"class_list":["post-840","page","type-page","status-publish","hentry"],"_hostinger_reach_plugin_has_subscription_block":false,"_hostinger_reach_plugin_is_elementor":false,"_links":{"self":[{"href":"https:\/\/yanalocation35.com\/en\/wp-json\/wp\/v2\/pages\/840","targetHints":{"allow":["GET"]}}],"collection":[{"href":"https:\/\/yanalocation35.com\/en\/wp-json\/wp\/v2\/pages"}],"about":[{"href":"https:\/\/yanalocation35.com\/en\/wp-json\/wp\/v2\/types\/page"}],"author":[{"embeddable":true,"href":"https:\/\/yanalocation35.com\/en\/wp-json\/wp\/v2\/users\/1"}],"replies":[{"embeddable":true,"href":"https:\/\/yanalocation35.com\/en\/wp-json\/wp\/v2\/comments?post=840"}],"version-history":[{"count":86,"href":"https:\/\/yanalocation35.com\/en\/wp-json\/wp\/v2\/pages\/840\/revisions"}],"predecessor-version":[{"id":1990,"href":"https:\/\/yanalocation35.com\/en\/wp-json\/wp\/v2\/pages\/840\/revisions\/1990"}],"wp:attachment":[{"href":"https:\/\/yanalocation35.com\/en\/wp-json\/wp\/v2\/media?parent=840"}],"curies":[{"name":"wp","href":"https:\/\/api.w.org\/{rel}","templated":true}]}}