{"id":1679,"date":"2025-12-31T08:59:07","date_gmt":"2025-12-31T08:59:07","guid":{"rendered":"https:\/\/blueviolet-mole-447492.hostingersite.com\/?page_id=1679"},"modified":"2026-01-17T20:30:22","modified_gmt":"2026-01-17T20:30:22","slug":"peugeot-208","status":"publish","type":"page","link":"https:\/\/yanalocation35.com\/en\/peugeot-208\/","title":{"rendered":"Peugeot 208"},"content":{"rendered":"<div data-elementor-type=\"wp-page\" data-elementor-id=\"1679\" class=\"elementor elementor-1679\" data-elementor-post-type=\"page\">\n\t\t\t\t\t\t<section class=\"elementor-section elementor-top-section elementor-element elementor-element-ec54b10 elementor-section-boxed elementor-section-height-default elementor-section-height-default\" data-id=\"ec54b10\" data-element_type=\"section\">\n\t\t\t\t\t\t<div class=\"elementor-container elementor-column-gap-default\">\n\t\t\t\t\t<div class=\"elementor-column elementor-col-100 elementor-top-column elementor-element elementor-element-663849b\" data-id=\"663849b\" data-element_type=\"column\">\n\t\t\t<div class=\"elementor-widget-wrap elementor-element-populated\">\n\t\t\t\t\t\t<section class=\"elementor-section elementor-inner-section elementor-element elementor-element-6f0b272 elementor-reverse-mobile elementor-section-boxed elementor-section-height-default elementor-section-height-default\" data-id=\"6f0b272\" data-element_type=\"section\">\n\t\t\t\t\t\t<div class=\"elementor-container elementor-column-gap-default\">\n\t\t\t\t\t<div class=\"elementor-column elementor-col-50 elementor-inner-column elementor-element elementor-element-dda0873\" data-id=\"dda0873\" data-element_type=\"column\">\n\t\t\t<div class=\"elementor-widget-wrap elementor-element-populated\">\n\t\t\t\t\t\t<section class=\"elementor-section elementor-inner-section elementor-element elementor-element-49de31f service-dt-left-two elementor-section-boxed elementor-section-height-default elementor-section-height-default\" data-id=\"49de31f\" data-element_type=\"section\" data-settings=\"{&quot;background_background&quot;:&quot;classic&quot;}\">\n\t\t\t\t\t\t<div class=\"elementor-container elementor-column-gap-default\">\n\t\t\t\t\t<div class=\"elementor-column elementor-col-100 elementor-inner-column elementor-element elementor-element-345bd54\" data-id=\"345bd54\" data-element_type=\"column\">\n\t\t\t<div class=\"elementor-widget-wrap elementor-element-populated\">\n\t\t\t\t\n\n\t\t<div class=\"elementor-element elementor-element-af815fa elementor-widget elementor-widget-simple-heading\" data-id=\"af815fa\" data-element_type=\"widget\" data-widget_type=\"simple-heading.default\">\n\t\t\t\t<div class=\"elementor-widget-container\">\n\t\t\t\t\t        \t\t<div class=\"heading style1\">\r\n\t\t\t<h3 class=\"heading-text\">Caract\u00e9ristiques<\/h3>\r\n\t\t<\/div>\r\n\r\n\t\t\t\t\t\t<\/div>\n\t\t\t\t<\/div>\n\t\t<div class=\"elementor-element elementor-element-95a8881 e-flex e-con-boxed e-con e-parent\" data-id=\"95a8881\" data-element_type=\"container\">\n\t\t\t\t\t<div class=\"e-con-inner\">\n\t\t<div class=\"elementor-element elementor-element-a2b3333 e-con-full e-flex e-con e-child\" data-id=\"a2b3333\" data-element_type=\"container\" data-settings=\"{&quot;background_background&quot;:&quot;classic&quot;}\">\n\t\t<div class=\"elementor-element elementor-element-8a2408f e-con-full e-flex e-con e-child\" data-id=\"8a2408f\" data-element_type=\"container\">\n\t\t\t\t<div class=\"elementor-element elementor-element-169eaff elementor-widget elementor-widget-image\" data-id=\"169eaff\" data-element_type=\"widget\" data-widget_type=\"image.default\">\n\t\t\t\t\t\t\t\t\t\t\t\t\t\t\t<img fetchpriority=\"high\" decoding=\"async\" width=\"256\" height=\"256\" src=\"https:\/\/yanalocation35.com\/wp-content\/uploads\/2025\/12\/siege-de-voiture-1.png\" class=\"attachment-large size-large wp-image-1497\" alt=\"\" srcset=\"https:\/\/yanalocation35.com\/wp-content\/uploads\/2025\/12\/siege-de-voiture-1.png 256w, https:\/\/yanalocation35.com\/wp-content\/uploads\/2025\/12\/siege-de-voiture-1-150x150.png 150w, https:\/\/yanalocation35.com\/wp-content\/uploads\/2025\/12\/siege-de-voiture-1-106x106.png 106w, https:\/\/yanalocation35.com\/wp-content\/uploads\/2025\/12\/siege-de-voiture-1-80x80.png 80w\" sizes=\"(max-width: 256px) 100vw, 256px\" \/>\t\t\t\t\t\t\t\t\t\t\t\t\t\t\t<\/div>\n\t\t\t\t<\/div>\n\t\t<div class=\"elementor-element elementor-element-2b1b6b6 e-con-full e-flex e-con e-child\" data-id=\"2b1b6b6\" data-element_type=\"container\">\n\t\t\t\t<div class=\"elementor-element elementor-element-1aad8a4 elementor-widget elementor-widget-heading\" data-id=\"1aad8a4\" data-element_type=\"widget\" data-widget_type=\"heading.default\">\n\t\t\t\t\t<h2 class=\"elementor-heading-title elementor-size-default\">5 places<\/h2>\t\t\t\t<\/div>\n\t\t\t\t<\/div>\n\t\t\t\t<\/div>\n\t\t<div class=\"elementor-element elementor-element-e04fe5a e-con-full e-flex e-con e-child\" data-id=\"e04fe5a\" data-element_type=\"container\" data-settings=\"{&quot;background_background&quot;:&quot;classic&quot;}\">\n\t\t<div class=\"elementor-element elementor-element-47c24b7 e-con-full e-flex e-con e-child\" data-id=\"47c24b7\" data-element_type=\"container\">\n\t\t\t\t<div class=\"elementor-element elementor-element-8003324 elementor-widget elementor-widget-image\" data-id=\"8003324\" data-element_type=\"widget\" data-widget_type=\"image.default\">\n\t\t\t\t\t\t\t\t\t\t\t\t\t\t\t<img decoding=\"async\" width=\"256\" height=\"256\" src=\"https:\/\/yanalocation35.com\/wp-content\/uploads\/2025\/12\/eclair-1.png\" class=\"attachment-large size-large wp-image-1499\" alt=\"\" srcset=\"https:\/\/yanalocation35.com\/wp-content\/uploads\/2025\/12\/eclair-1.png 256w, https:\/\/yanalocation35.com\/wp-content\/uploads\/2025\/12\/eclair-1-150x150.png 150w, https:\/\/yanalocation35.com\/wp-content\/uploads\/2025\/12\/eclair-1-106x106.png 106w, https:\/\/yanalocation35.com\/wp-content\/uploads\/2025\/12\/eclair-1-80x80.png 80w\" sizes=\"(max-width: 256px) 100vw, 256px\" \/>\t\t\t\t\t\t\t\t\t\t\t\t\t\t\t<\/div>\n\t\t\t\t<\/div>\n\t\t<div class=\"elementor-element elementor-element-6c67175 e-con-full e-flex e-con e-child\" data-id=\"6c67175\" data-element_type=\"container\">\n\t\t\t\t<div class=\"elementor-element elementor-element-5c05bf6 elementor-widget elementor-widget-heading\" data-id=\"5c05bf6\" data-element_type=\"widget\" data-widget_type=\"heading.default\">\n\t\t\t\t\t<h2 class=\"elementor-heading-title elementor-size-default\">100 CV<\/h2>\t\t\t\t<\/div>\n\t\t\t\t<\/div>\n\t\t\t\t<\/div>\n\t\t<div class=\"elementor-element elementor-element-0dce227 e-con-full e-flex e-con e-child\" data-id=\"0dce227\" data-element_type=\"container\" data-settings=\"{&quot;background_background&quot;:&quot;classic&quot;}\">\n\t\t<div class=\"elementor-element elementor-element-330070c e-con-full e-flex e-con e-child\" data-id=\"330070c\" data-element_type=\"container\">\n\t\t\t\t<div class=\"elementor-element elementor-element-d41de1d elementor-widget elementor-widget-image\" data-id=\"d41de1d\" data-element_type=\"widget\" data-widget_type=\"image.default\">\n\t\t\t\t\t\t\t\t\t\t\t\t\t\t\t<img decoding=\"async\" width=\"256\" height=\"256\" src=\"https:\/\/yanalocation35.com\/wp-content\/uploads\/2025\/12\/boite-de-vitesses.png\" class=\"attachment-large size-large wp-image-1495\" alt=\"\" srcset=\"https:\/\/yanalocation35.com\/wp-content\/uploads\/2025\/12\/boite-de-vitesses.png 256w, https:\/\/yanalocation35.com\/wp-content\/uploads\/2025\/12\/boite-de-vitesses-150x150.png 150w, https:\/\/yanalocation35.com\/wp-content\/uploads\/2025\/12\/boite-de-vitesses-106x106.png 106w, https:\/\/yanalocation35.com\/wp-content\/uploads\/2025\/12\/boite-de-vitesses-80x80.png 80w\" sizes=\"(max-width: 256px) 100vw, 256px\" \/>\t\t\t\t\t\t\t\t\t\t\t\t\t\t\t<\/div>\n\t\t\t\t<\/div>\n\t\t<div class=\"elementor-element elementor-element-4b6e9d5 e-con-full e-flex e-con e-child\" data-id=\"4b6e9d5\" data-element_type=\"container\">\n\t\t\t\t<div class=\"elementor-element elementor-element-e0597af elementor-widget elementor-widget-heading\" data-id=\"e0597af\" data-element_type=\"widget\" data-widget_type=\"heading.default\">\n\t\t\t\t\t<h2 class=\"elementor-heading-title elementor-size-default\">Bo\u00eete manuelle<\/h2>\t\t\t\t<\/div>\n\t\t\t\t<\/div>\n\t\t\t\t<\/div>\n\t\t<div class=\"elementor-element elementor-element-bc71ea2 e-con-full e-flex e-con e-child\" data-id=\"bc71ea2\" data-element_type=\"container\" data-settings=\"{&quot;background_background&quot;:&quot;classic&quot;}\">\n\t\t<div class=\"elementor-element elementor-element-01bb28b e-con-full e-flex e-con e-child\" data-id=\"01bb28b\" data-element_type=\"container\">\n\t\t\t\t<div class=\"elementor-element elementor-element-22f66b3 elementor-widget elementor-widget-image\" data-id=\"22f66b3\" data-element_type=\"widget\" data-widget_type=\"image.default\">\n\t\t\t\t\t\t\t\t\t\t\t\t\t\t\t<img loading=\"lazy\" decoding=\"async\" width=\"256\" height=\"256\" src=\"https:\/\/yanalocation35.com\/wp-content\/uploads\/2025\/12\/station-essence-1.png\" class=\"attachment-large size-large wp-image-1498\" alt=\"\" srcset=\"https:\/\/yanalocation35.com\/wp-content\/uploads\/2025\/12\/station-essence-1.png 256w, https:\/\/yanalocation35.com\/wp-content\/uploads\/2025\/12\/station-essence-1-150x150.png 150w, https:\/\/yanalocation35.com\/wp-content\/uploads\/2025\/12\/station-essence-1-106x106.png 106w, https:\/\/yanalocation35.com\/wp-content\/uploads\/2025\/12\/station-essence-1-80x80.png 80w\" sizes=\"(max-width: 256px) 100vw, 256px\" \/>\t\t\t\t\t\t\t\t\t\t\t\t\t\t\t<\/div>\n\t\t\t\t<\/div>\n\t\t<div class=\"elementor-element elementor-element-6361348 e-con-full e-flex e-con e-child\" data-id=\"6361348\" data-element_type=\"container\">\n\t\t\t\t<div class=\"elementor-element elementor-element-e51a934 elementor-widget elementor-widget-heading\" data-id=\"e51a934\" data-element_type=\"widget\" data-widget_type=\"heading.default\">\n\t\t\t\t\t<h2 class=\"elementor-heading-title elementor-size-default\">Essence<\/h2>\t\t\t\t<\/div>\n\t\t\t\t<\/div>\n\t\t\t\t<\/div>\n\t\t\t\t\t<\/div>\n\t\t\t\t<\/div>\n\t\t\t\t\t<\/div>\n\t\t<\/div>\n\t\t\t\t\t<\/div>\n\t\t<\/section>\n\t\t\t\t<section class=\"elementor-section elementor-inner-section elementor-element elementor-element-2d4c8f5 service-dt-left-two elementor-section-boxed elementor-section-height-default elementor-section-height-default\" data-id=\"2d4c8f5\" data-element_type=\"section\" data-settings=\"{&quot;background_background&quot;:&quot;classic&quot;}\">\n\t\t\t\t\t\t<div class=\"elementor-container elementor-column-gap-default\">\n\t\t\t\t\t<div class=\"elementor-column elementor-col-100 elementor-inner-column elementor-element elementor-element-1e19e1a\" data-id=\"1e19e1a\" data-element_type=\"column\">\n\t\t\t<div class=\"elementor-widget-wrap elementor-element-populated\">\n\t\t\t\t\t\t<div class=\"elementor-element elementor-element-7ff26c9 elementor-widget elementor-widget-iconbox\" data-id=\"7ff26c9\" data-element_type=\"widget\" data-widget_type=\"iconbox.default\">\n\t\t\t\t<div class=\"elementor-widget-container\">\n\t\t\t\t\t\n\t\t\t\t\n\t\t<div class=\"icon-box style5\">\n\t\t\t<div class=\"icon-box-inner\">\n\t\t\t\t<div class=\"icon-box-icon\">\n\t\t\t\t\t\t\t\t\t\t<div class=\"icon\">\n\t\t\t\t\t\t<i class=\"flaticon flaticon-call-answer\"><\/i>\n\t\t\t\t\t<\/div>\n\t\t\t\t\t\t\t\t\t<\/div>\n\t\t\t\t<div class=\"icon-box-content\">\n\t\t\t\t\t<div class=\"title\">\n\t\t\t\t\t\t<h3>Appel gratuit<\/h3>\n\t\t\t\t\t\t<h2>07 58 58 90 91<\/h2>\n\t\t\t\t\t<\/div>\n\t\t\t\t\t<div class=\"description\">\n\t\t\t\t\t\t<p><i class=\"flaticon flaticon-mail\"><\/i>contact@yanalocation35.com<\/p>\n\t\t\t\t\t<\/div>\n\t\t\t\t<\/div>\n\t\t\t<\/div>\n\t\t<\/div>\n\t\t\n\t\t\t\t\t\t<\/div>\n\t\t\t\t<\/div>\n\t\t\t\t<div class=\"elementor-element elementor-element-976b45e elementor-widget elementor-widget-dit-button\" data-id=\"976b45e\" data-element_type=\"widget\" data-widget_type=\"dit-button.default\">\n\t\t\t\t<div class=\"elementor-widget-container\">\n\t\t\t\t\t\r\n\t\t\t\t\r\n\t\t\t\t<div class=\"dreamit-button style8\">\r\n\t\t\t\t    <div class=\"btn_button\">\r\n\t\t\t\t\t\t<a  class=\"button\" href=\"https:\/\/yanalocation35.com\/en\/contact\/\">\r\n\t\t\t\t\tR\u00e9server\t\t\t\t\t\t\t<i class=\"flaticon flaticon-right-arrow\"><\/i>\t\t\t\t\t\t\r\n\t\t\t\t\t\t<\/a>\r\n\t\t\t\t\t<\/div>\r\n\t\t\t\t<\/div>\r\n\r\n\t\t\r\n\t\t\t\t\t<\/div>\n\t\t\t\t<\/div>\n\t\t\t\t\t<\/div>\n\t\t<\/div>\n\t\t\t\t\t<\/div>\n\t\t<\/section>\n\t\t\t\t\t<\/div>\n\t\t<\/div>\n\t\t\t\t<div class=\"elementor-column elementor-col-50 elementor-inner-column elementor-element elementor-element-619fd11\" data-id=\"619fd11\" data-element_type=\"column\">\n\t\t\t<div class=\"elementor-widget-wrap elementor-element-populated\">\n\t\t\t\t\t\t<section class=\"elementor-section elementor-inner-section elementor-element elementor-element-942206c elementor-section-boxed elementor-section-height-default elementor-section-height-default\" data-id=\"942206c\" data-element_type=\"section\">\n\t\t\t\t\t\t<div class=\"elementor-container elementor-column-gap-default\">\n\t\t\t\t\t<div class=\"elementor-column elementor-col-100 elementor-inner-column elementor-element elementor-element-2bc043b\" data-id=\"2bc043b\" data-element_type=\"column\">\n\t\t\t<div class=\"elementor-widget-wrap elementor-element-populated\">\n\t\t\t\t\t\t<div class=\"elementor-element elementor-element-7409f59 elementor-widget elementor-widget-section-title\" data-id=\"7409f59\" data-element_type=\"widget\" data-widget_type=\"section-title.default\">\n\t\t\t\t<div class=\"elementor-widget-container\">\n\t\t\t\t\t\r\n\t\t\r\n\t\t\t<div class=\"section-title style4\">\r\n\t\t\t\t\t\t\t\t\r\n\t\t\t\t \r\n\t\t\t\t\t<h3 class=\"title\">Peugeot 208 GT Line<\/h3>\r\n\t\t\t\t\t\t\t\t\r\n\t\t\t\t\t\t\t\t\r\n\t\t\t\t\t\t\t\t\r\n\t\t\t\t\t\t\t<\/div>\r\n\r\n\t\t\r\n\t\t\t\t\t\t<\/div>\n\t\t\t\t<\/div>\n\t\t\t\t\t<\/div>\n\t\t<\/div>\n\t\t\t\t\t<\/div>\n\t\t<\/section>\n\t\t\t\t<section class=\"elementor-section elementor-inner-section elementor-element elementor-element-716b925 elementor-section-boxed elementor-section-height-default elementor-section-height-default\" data-id=\"716b925\" data-element_type=\"section\">\n\t\t\t\t\t\t<div class=\"elementor-container elementor-column-gap-default\">\n\t\t\t\t\t<div class=\"elementor-column elementor-col-100 elementor-inner-column elementor-element elementor-element-21552a4\" data-id=\"21552a4\" data-element_type=\"column\">\n\t\t\t<div class=\"elementor-widget-wrap elementor-element-populated\">\n\t\t\t\t\t\t<div class=\"elementor-element elementor-element-e342316 elementor-widget elementor-widget-image\" data-id=\"e342316\" data-element_type=\"widget\" data-widget_type=\"image.default\">\n\t\t\t\t\t\t\t\t\t\t\t\t\t\t\t<img loading=\"lazy\" decoding=\"async\" width=\"1024\" height=\"657\" src=\"https:\/\/yanalocation35.com\/wp-content\/uploads\/2025\/12\/image-renault-en-grand-1024x657.webp\" class=\"attachment-large size-large wp-image-1680\" alt=\"\" srcset=\"https:\/\/yanalocation35.com\/wp-content\/uploads\/2025\/12\/image-renault-en-grand-1024x657.webp 1024w, https:\/\/yanalocation35.com\/wp-content\/uploads\/2025\/12\/image-renault-en-grand-300x192.webp 300w, https:\/\/yanalocation35.com\/wp-content\/uploads\/2025\/12\/image-renault-en-grand-768x493.webp 768w, https:\/\/yanalocation35.com\/wp-content\/uploads\/2025\/12\/image-renault-en-grand-390x250.webp 390w, https:\/\/yanalocation35.com\/wp-content\/uploads\/2025\/12\/image-renault-en-grand.webp 1500w\" sizes=\"(max-width: 1024px) 100vw, 1024px\" \/>\t\t\t\t\t\t\t\t\t\t\t\t\t\t\t<\/div>\n\t\t\t\t\t<\/div>\n\t\t<\/div>\n\t\t\t\t\t<\/div>\n\t\t<\/section>\n\t\t\t\t<section class=\"elementor-section elementor-inner-section elementor-element elementor-element-4063d50 elementor-section-boxed elementor-section-height-default elementor-section-height-default\" data-id=\"4063d50\" data-element_type=\"section\">\n\t\t\t\t\t\t<div class=\"elementor-container elementor-column-gap-default\">\n\t\t\t\t\t<div class=\"elementor-column elementor-col-100 elementor-inner-column elementor-element elementor-element-66abf98\" data-id=\"66abf98\" data-element_type=\"column\">\n\t\t\t<div class=\"elementor-widget-wrap elementor-element-populated\">\n\t\t\t\t\t\t<div class=\"elementor-element elementor-element-b62fdf2 elementor-widget elementor-widget-section-title\" data-id=\"b62fdf2\" data-element_type=\"widget\" data-widget_type=\"section-title.default\">\n\t\t\t\t<div class=\"elementor-widget-container\">\n\t\t\t\t\t\r\n\t\t\r\n\t\t\t<div class=\"section-title style4\">\r\n\t\t\t\t\t\t\t\t\r\n\t\t\t\t \r\n\t\t\t\t\t<h3 class=\"title\">Description<\/h3>\r\n\t\t\t\t\t\t\t\t\r\n\t\t\t\t\t\t\t\t\r\n\t\t\t\t\t\t\t\t\r\n\t\t\t\t \r\n\t\t\t\t\t<p class=\"description\">Notre <strong style=\"font-weight: bold;\">Peugeot 208 ALLURE<\/strong> avec sa teinte grise \u00e9l\u00e9gante, combine performance et design moderne. Cette citadine compact est id\u00e9ale pour les trajets quotidiens tout en offrant un confort de conduite exceptionnel gr\u00e2ce \u00e0 sa bo\u00eete manuelle pr\u00e9cise et son moteur efficient. Son design ext\u00e9rieur raffin\u00e9, avec des lignes dynamiques et des d\u00e9tails soign\u00e9s, refl\u00e8te l\u2019image de la marque. \u00c0 l\u2019int\u00e9rieur, l\u2019habitacle est moderne, avec des mat\u00e9riaux de qualit\u00e9 et une ergonomie optimis\u00e9e pour une conduite agr\u00e9able.<\/p>\r\n\t\t\t\t\t\t\t<\/div>\r\n\r\n\t\t\r\n\t\t\t\t\t\t<\/div>\n\t\t\t\t<\/div>\n\t\t\t\t\t<\/div>\n\t\t<\/div>\n\t\t\t\t\t<\/div>\n\t\t<\/section>\n\t\t<div class=\"elementor-element elementor-element-b3fa28c e-flex e-con-boxed e-con e-parent\" data-id=\"b3fa28c\" data-element_type=\"container\">\n\t\t\t\t\t<div class=\"e-con-inner\">\n\t\t<div class=\"elementor-element elementor-element-57c57ea e-con-full e-flex e-con e-child\" data-id=\"57c57ea\" data-element_type=\"container\" data-settings=\"{&quot;background_background&quot;:&quot;classic&quot;}\">\n\t\t\t\t<div class=\"elementor-element elementor-element-eebafc1 elementor-widget elementor-widget-heading\" data-id=\"eebafc1\" data-element_type=\"widget\" data-widget_type=\"heading.default\">\n\t\t\t\t\t<h2 class=\"elementor-heading-title elementor-size-default\">Journ\u00e9e<br> (24 heures)<\/h2>\t\t\t\t<\/div>\n\t\t\t\t<div class=\"elementor-element elementor-element-33ab1f1 elementor-widget elementor-widget-heading\" data-id=\"33ab1f1\" data-element_type=\"widget\" data-widget_type=\"heading.default\">\n\t\t\t\t\t<h2 class=\"elementor-heading-title elementor-size-default\">70 \u20ac<\/h2>\t\t\t\t<\/div>\n\t\t\t\t<\/div>\n\t\t<div class=\"elementor-element elementor-element-d171161 e-con-full e-flex e-con e-child\" data-id=\"d171161\" data-element_type=\"container\" data-settings=\"{&quot;background_background&quot;:&quot;classic&quot;}\">\n\t\t\t\t<div class=\"elementor-element elementor-element-760f952 elementor-widget elementor-widget-heading\" data-id=\"760f952\" data-element_type=\"widget\" data-widget_type=\"heading.default\">\n\t\t\t\t\t<h2 class=\"elementor-heading-title elementor-size-default\">Weekend  <br>(Ven-Dim)<\/h2>\t\t\t\t<\/div>\n\t\t\t\t<div class=\"elementor-element elementor-element-bcfaf03 elementor-widget elementor-widget-heading\" data-id=\"bcfaf03\" data-element_type=\"widget\" data-widget_type=\"heading.default\">\n\t\t\t\t\t<h2 class=\"elementor-heading-title elementor-size-default\">200 \u20ac<\/h2>\t\t\t\t<\/div>\n\t\t\t\t<\/div>\n\t\t<div class=\"elementor-element elementor-element-d1eb23e e-con-full e-flex e-con e-child\" data-id=\"d1eb23e\" data-element_type=\"container\" data-settings=\"{&quot;background_background&quot;:&quot;classic&quot;}\">\n\t\t\t\t<div class=\"elementor-element elementor-element-e599cdc elementor-widget elementor-widget-heading\" data-id=\"e599cdc\" data-element_type=\"widget\" data-widget_type=\"heading.default\">\n\t\t\t\t\t<h2 class=\"elementor-heading-title elementor-size-default\">Distance <br>(1400 km)<\/h2>\t\t\t\t<\/div>\n\t\t\t\t<div class=\"elementor-element elementor-element-25b9862 elementor-widget elementor-widget-heading\" data-id=\"25b9862\" data-element_type=\"widget\" data-widget_type=\"heading.default\">\n\t\t\t\t\t<h2 class=\"elementor-heading-title elementor-size-default\">450 \u20ac<\/h2>\t\t\t\t<\/div>\n\t\t\t\t<\/div>\n\t\t<div class=\"elementor-element elementor-element-633e415 e-con-full e-flex e-con e-child\" data-id=\"633e415\" data-element_type=\"container\" data-settings=\"{&quot;background_background&quot;:&quot;classic&quot;}\">\n\t\t\t\t<div class=\"elementor-element elementor-element-9c20508 elementor-widget elementor-widget-heading\" data-id=\"9c20508\" data-element_type=\"widget\" data-widget_type=\"heading.default\">\n\t\t\t\t\t<h2 class=\"elementor-heading-title elementor-size-default\">Kilom\u00e9trage illimit\u00e9 (7 jours)<\/h2>\t\t\t\t<\/div>\n\t\t\t\t<div class=\"elementor-element elementor-element-c5fa747 elementor-widget elementor-widget-heading\" data-id=\"c5fa747\" data-element_type=\"widget\" data-widget_type=\"heading.default\">\n\t\t\t\t\t<h2 class=\"elementor-heading-title elementor-size-default\">650 \u20ac<\/h2>\t\t\t\t<\/div>\n\t\t\t\t<\/div>\n\t\t\t\t\t<\/div>\n\t\t\t\t<\/div>\n\t\t\t\t\t<\/div>\n\t\t<\/div>\n\t\t\t\t\t<\/div>\n\t\t<\/section>\n\t\t\t\t\t<\/div>\n\t\t<\/div>\n\t\t\t\t\t<\/div>\n\t\t<\/section>\n\t\t\t\t<\/div>","protected":false},"excerpt":{"rendered":"<p>Caract\u00e9ristiques 5 places 100 CV Bo\u00eete manuelle Essence Appel gratuit 07 58 58 90 91 contact@yanalocation35.com R\u00e9server Peugeot 208 GT Line Description Notre Peugeot 208 ALLURE avec sa teinte grise \u00e9l\u00e9gante, combine performance et design moderne. Cette citadine compact est id\u00e9ale pour les trajets quotidiens tout en offrant un confort de conduite exceptionnel gr\u00e2ce \u00e0 [&hellip;]<\/p>","protected":false},"author":1,"featured_media":0,"parent":0,"menu_order":0,"comment_status":"closed","ping_status":"closed","template":"page-templates\/template-default.php","meta":{"footnotes":""},"class_list":["post-1679","page","type-page","status-publish","hentry"],"_hostinger_reach_plugin_has_subscription_block":false,"_hostinger_reach_plugin_is_elementor":false,"_links":{"self":[{"href":"https:\/\/yanalocation35.com\/en\/wp-json\/wp\/v2\/pages\/1679","targetHints":{"allow":["GET"]}}],"collection":[{"href":"https:\/\/yanalocation35.com\/en\/wp-json\/wp\/v2\/pages"}],"about":[{"href":"https:\/\/yanalocation35.com\/en\/wp-json\/wp\/v2\/types\/page"}],"author":[{"embeddable":true,"href":"https:\/\/yanalocation35.com\/en\/wp-json\/wp\/v2\/users\/1"}],"replies":[{"embeddable":true,"href":"https:\/\/yanalocation35.com\/en\/wp-json\/wp\/v2\/comments?post=1679"}],"version-history":[{"count":19,"href":"https:\/\/yanalocation35.com\/en\/wp-json\/wp\/v2\/pages\/1679\/revisions"}],"predecessor-version":[{"id":1996,"href":"https:\/\/yanalocation35.com\/en\/wp-json\/wp\/v2\/pages\/1679\/revisions\/1996"}],"wp:attachment":[{"href":"https:\/\/yanalocation35.com\/en\/wp-json\/wp\/v2\/media?parent=1679"}],"curies":[{"name":"wp","href":"https:\/\/api.w.org\/{rel}","templated":true}]}}